{"id":230,"date":"2024-08-24T11:26:53","date_gmt":"2024-08-24T09:26:53","guid":{"rendered":"https:\/\/www.diepartner.at\/cms\/de\/?page_id=230"},"modified":"2024-08-24T11:26:53","modified_gmt":"2024-08-24T09:26:53","slug":"anmeldung-zum-kurs","status":"publish","type":"page","link":"https:\/\/www.diepartner.at\/cms\/de\/anmeldung-zum-kurs\/","title":{"rendered":"Anmeldung zum Kurs:"},"content":{"rendered":"\n\n<div class=\"wpcf7 no-js\" id=\"wpcf7-f172-o1\" lang=\"de-DE\" dir=\"ltr\" data-wpcf7-id=\"172\">\n<div class=\"screen-reader-response\"><p role=\"status\" aria-live=\"polite\" aria-atomic=\"true\"><\/p> <ul><\/ul><\/div>\n<form action=\"\/cms\/de\/wp-json\/wp\/v2\/pages\/230#wpcf7-f172-o1\" method=\"post\" class=\"wpcf7-form init\" aria-label=\"Kontaktformular\" novalidate=\"novalidate\" data-status=\"init\">\n<fieldset class=\"hidden-fields-container\"><input type=\"hidden\" name=\"_wpcf7\" value=\"172\" \/><input type=\"hidden\" name=\"_wpcf7_version\" value=\"6.1\" \/><input type=\"hidden\" name=\"_wpcf7_locale\" value=\"de_DE\" \/><input type=\"hidden\" name=\"_wpcf7_unit_tag\" value=\"wpcf7-f172-o1\" \/><input type=\"hidden\" name=\"_wpcf7_container_post\" value=\"0\" \/><input type=\"hidden\" name=\"_wpcf7_posted_data_hash\" value=\"\" \/>\n<\/fieldset>\n<p><label> Betreff (Kurs)<br \/>\n<span class=\"wpcf7-form-control-wrap\" data-name=\"subject\"><input size=\"40\" maxlength=\"400\" class=\"wpcf7-form-control wpcf7-text wpcf7-validates-as-required\" readonly=\"readonly\" aria-required=\"true\" aria-invalid=\"false\" value=\"\" type=\"text\" name=\"subject\" \/><\/span> <\/label>\n<\/p>\n<p><label> Mein Name<br \/>\n<span class=\"wpcf7-form-control-wrap\" data-name=\"your-name\"><input size=\"40\" maxlength=\"400\" class=\"wpcf7-form-control wpcf7-text wpcf7-validates-as-required\" autocomplete=\"name\" aria-required=\"true\" aria-invalid=\"false\" value=\"\" type=\"text\" name=\"your-name\" \/><\/span> <\/label>\n<\/p>\n<p><label> Meine E-Mail-Adresse<br \/>\n<span class=\"wpcf7-form-control-wrap\" data-name=\"your-email\"><input size=\"40\" maxlength=\"400\" class=\"wpcf7-form-control wpcf7-email wpcf7-validates-as-required wpcf7-text wpcf7-validates-as-email\" autocomplete=\"email\" aria-required=\"true\" aria-invalid=\"false\" value=\"\" type=\"email\" name=\"your-email\" \/><\/span> <\/label>\n<\/p>\n<p>Mein Geburtsdatum<br \/>\n<span class=\"wpcf7-form-control-wrap\" data-name=\"date-birth\"><input class=\"wpcf7-form-control wpcf7-date wpcf7-validates-as-date\" aria-invalid=\"false\" value=\"\" type=\"date\" name=\"date-birth\" \/><\/span>\n<\/p>\n<p>Meine Adresse<br \/>\n<label> Stra\u00dfe, Nummer<br \/>\n<span class=\"wpcf7-form-control-wrap\" data-name=\"your-address-street\"><input size=\"40\" maxlength=\"400\" class=\"wpcf7-form-control wpcf7-text wpcf7-validates-as-required\" aria-required=\"true\" aria-invalid=\"false\" value=\"\" type=\"text\" name=\"your-address-street\" \/><\/span> <\/label>\n<\/p>\n<p><label> PLZ, Ort<br \/>\n<span class=\"wpcf7-form-control-wrap\" data-name=\"your-address-city\"><input size=\"40\" maxlength=\"400\" class=\"wpcf7-form-control wpcf7-text wpcf7-validates-as-required\" autocomplete=\"city\" aria-required=\"true\" aria-invalid=\"false\" value=\"\" type=\"text\" name=\"your-address-city\" \/><\/span> <\/label>\n<\/p>\n<p><label> Meine Organisation<br \/>\n<span class=\"wpcf7-form-control-wrap\" data-name=\"your-org\"><input size=\"40\" maxlength=\"400\" class=\"wpcf7-form-control wpcf7-text wpcf7-validates-as-required\" aria-required=\"true\" aria-invalid=\"false\" value=\"\" type=\"text\" name=\"your-org\" \/><\/span> <\/label>\n<\/p>\n<p>Die Rechnung ergeht an:<br \/>\n<span class=\"wpcf7-form-control-wrap\" data-name=\"menu-Rechnung\"><select class=\"wpcf7-form-control wpcf7-select wpcf7-validates-as-required\" aria-required=\"true\" aria-invalid=\"false\" name=\"menu-Rechnung\"><option value=\"Rechnung an mich pers\u00f6nlich\">Rechnung an mich pers\u00f6nlich<\/option><option value=\"Rechnung an meine Firma\/Organisation\">Rechnung an meine Firma\/Organisation<\/option><\/select><\/span>\n<\/p>\n<p><label> Meine Nachricht (optional)<br \/>\n<span class=\"wpcf7-form-control-wrap\" data-name=\"your-message\"><textarea cols=\"40\" rows=\"10\" maxlength=\"2000\" class=\"wpcf7-form-control wpcf7-textarea\" aria-invalid=\"false\" name=\"your-message\"><\/textarea><\/span> <\/label>\n<\/p>\n<p><span class=\"wpcf7-form-control-wrap\" data-name=\"acceptance-726\"><span class=\"wpcf7-form-control wpcf7-acceptance\"><span class=\"wpcf7-list-item\"><label><input type=\"checkbox\" name=\"acceptance-726\" value=\"1\" aria-invalid=\"false\" \/><span class=\"wpcf7-list-item-label\">Ich habe die DSGVO Erkl\u00e4rung gelesen. Hiermit erteile ich meine Zustimmung zur Verarbeitung der \u00fcbermittelten Daten.<\/span><\/label><\/span><\/span><\/span>\n<\/p>\n<p><input class=\"wpcf7-form-control wpcf7-submit has-spinner\" type=\"submit\" value=\"Senden\" \/>\n<\/p><div class=\"wpcf7-response-output\" aria-hidden=\"true\"><\/div>\n<\/form>\n<\/div>\n\n\n\n\n<p>Nach \u00dcbermittlung Ihrer Daten erhalten Sie von uns eine R\u00fcckmeldung an die von Ihnen angegebene eMail-Adresse.<\/p>\n\n\n\n<p>Hinweis: Eine Best\u00e4tigung Ihrer Anmeldung stellt noch keine Zusage \u00fcber die Aufnahme als Teilnehmer*in f\u00fcr diesen Lehrgang dar.<\/p>\n","protected":false},"excerpt":{"rendered":"<p>Nach \u00dcbermittlung Ihrer Daten erhalten Sie von uns eine R\u00fcckmeldung an die von Ihnen angegebene eMail-Adresse. Hinweis: Eine Best\u00e4tigung Ihrer Anmeldung stellt noch keine Zusage \u00fcber die Aufnahme als Teilnehmer*in f\u00fcr diesen Lehrgang dar.<\/p>\n","protected":false},"author":1,"featured_media":0,"parent":0,"menu_order":0,"comment_status":"closed","ping_status":"closed","template":"","meta":{"footnotes":""},"class_list":["post-230","page","type-page","status-publish","hentry","entry"],"_links":{"self":[{"href":"https:\/\/www.diepartner.at\/cms\/de\/wp-json\/wp\/v2\/pages\/230","targetHints":{"allow":["GET"]}}],"collection":[{"href":"https:\/\/www.diepartner.at\/cms\/de\/wp-json\/wp\/v2\/pages"}],"about":[{"href":"https:\/\/www.diepartner.at\/cms\/de\/wp-json\/wp\/v2\/types\/page"}],"author":[{"embeddable":true,"href":"https:\/\/www.diepartner.at\/cms\/de\/wp-json\/wp\/v2\/users\/1"}],"replies":[{"embeddable":true,"href":"https:\/\/www.diepartner.at\/cms\/de\/wp-json\/wp\/v2\/comments?post=230"}],"version-history":[{"count":2,"href":"https:\/\/www.diepartner.at\/cms\/de\/wp-json\/wp\/v2\/pages\/230\/revisions"}],"predecessor-version":[{"id":232,"href":"https:\/\/www.diepartner.at\/cms\/de\/wp-json\/wp\/v2\/pages\/230\/revisions\/232"}],"wp:attachment":[{"href":"https:\/\/www.diepartner.at\/cms\/de\/wp-json\/wp\/v2\/media?parent=230"}],"curies":[{"name":"wp","href":"https:\/\/api.w.org\/{rel}","templated":true}]}}